{"id":344,"date":"2026-01-31T19:59:12","date_gmt":"2026-01-31T19:59:12","guid":{"rendered":"https:\/\/afts.biz\/impressum\/"},"modified":"2026-01-31T19:59:12","modified_gmt":"2026-01-31T19:59:12","slug":"impressum","status":"publish","type":"page","link":"https:\/\/afts.biz\/de\/impressum\/","title":{"rendered":"Impressum"},"content":{"rendered":"<header>\n<h1 class=\"\">Impressum<\/h1>\n<\/header>\n<p>Informationen gem\u00e4\u00df \u00a7 5 TMG<br \/>\nAFTS GmbH<br \/>\nS\u00fcdliche M\u00fcnchner Stra\u00dfe 42A<br \/>\n82031 Gr\u00fcnwald, Deutschland<\/p>\n<p>Handelsregisternummer: AG Charlottenburg HRB 219880 B<br \/>\nVertreten durch:<br \/>\nAndreas R. Hofmann<\/p>\n<p><strong>Kontakt<\/strong><br \/>\nE-Mail:<a class=\"link-mail\" target=\"info@afts.biz\"> info@afts.biz<\/a><\/p>\n<p>Verbraucherstreitbeilegung\/Universalschlichtungsstelle<br \/>\nWir sind nicht bereit oder verpflichtet, an Streitbeilegungsverfahren vor einer Verbraucherschlichtungsstelle teilzunehmen.<\/p>\n<p><strong>Haftung f\u00fcr Inhalte<\/strong><br \/>\nAls Diensteanbieter sind wir gem\u00e4\u00df \u00a7 7 Abs.1 TMG f\u00fcr eigene Inhalte auf diesen Seiten nach den allgemeinen Gesetzen verantwortlich. Gem\u00e4\u00df \u00a7\u00a7 8 bis 10 TMG sind wir nicht verpflichtet, \u00fcbermittelte oder gespeicherte Informationen zu \u00fcberwachen oder Umst\u00e4nde zu untersuchen, die auf eine rechtswidrige T\u00e4tigkeit hinweisen. Verpflichtungen zur Entfernung oder Sperrung der Nutzung von Informationen nach den allgemeinen Gesetzen bleiben hiervon unber\u00fchrt. Eine diesbez\u00fcgliche Haftung ist jedoch erst ab dem Zeitpunkt der Kenntnis einer konkreten Rechtsverletzung m\u00f6glich. Bei Bekanntwerden von entsprechenden Rechtsverletzungen werden wir diese Inhalte umgehend entfernen.     <\/p>\n<p><strong>Haftung f\u00fcr Links<\/strong><br \/>\nUnser Angebot enth\u00e4lt Links zu externen Websites Dritter, auf deren Inhalte wir keinen Einfluss haben. Daher k\u00f6nnen wir f\u00fcr diese fremden Inhalte auch keine Gew\u00e4hr \u00fcbernehmen. F\u00fcr die Inhalte der verlinkten Seiten ist stets der jeweilige Anbieter oder Betreiber der Seiten verantwortlich. Die verlinkten Seiten wurden zum Zeitpunkt der Verlinkung auf m\u00f6gliche Rechtsverst\u00f6\u00dfe \u00fcberpr\u00fcft. Rechtswidrige Inhalte waren zum Zeitpunkt der Verlinkung nicht erkennbar. Eine permanente inhaltliche Kontrolle der verlinkten Seiten ist jedoch ohne konkrete Anhaltspunkte einer Rechtsverletzung nicht zumutbar. Bei Bekanntwerden von Rechtsverletzungen werden wir derartige Links umgehend entfernen.      <\/p>\n<p><strong>Urheberrecht<\/strong><br \/>\nDie von den Seitenbetreibern erstellten Inhalte und Werke auf diesen Seiten unterliegen dem deutschen Urheberrecht. Die Vervielf\u00e4ltigung, Bearbeitung, Verbreitung und jede Art der Verwertung au\u00dferhalb der Grenzen des Urheberrechtes bed\u00fcrfen der vorherigen schriftlichen Zustimmung des jeweiligen Autors bzw. Erstellers. Downloads und Kopien dieser Seite sind nur f\u00fcr den privaten, nicht kommerziellen Gebrauch gestattet. Soweit die Inhalte auf dieser Seite nicht vom Betreiber erstellt wurden, werden die Urheberrechte Dritter beachtet. Insbesondere werden Inhalte Dritter als solche gekennzeichnet. Sollten Sie trotzdem auf eine Urheberrechtsverletzung aufmerksam werden, bitten wir um einen entsprechenden Hinweis. Bei Bekanntwerden von Rechtsverletzungen werden wir derartige Inhalte umgehend entfernen.      <\/p>\n<p>Quelle: <a href=\"https:\/\/www.e-recht24.de\/\" target=\"_blank\" rel=\"noopener noreferrer\">www.e-recht24.de<\/a><\/p>\n","protected":false},"excerpt":{"rendered":"<p>Impressum Informationen gem\u00e4\u00df \u00a7 5 TMG AFTS GmbH S\u00fcdliche M\u00fcnchner Stra\u00dfe 42A 82031 Gr\u00fcnwald, Deutschland Handelsregisternummer: AG Charlottenburg HRB 219880 B Vertreten durch: Andreas R. Hofmann Kontakt E-Mail: info@afts.biz Verbraucherstreitbeilegung\/Universalschlichtungsstelle Wir sind nicht bereit oder verpflichtet, an Streitbeilegungsverfahren vor einer Verbraucherschlichtungsstelle teilzunehmen. Haftung f\u00fcr Inhalte Als Diensteanbieter sind wir gem\u00e4\u00df \u00a7 7 Abs.1 TMG f\u00fcr [&hellip;]<\/p>\n","protected":false},"author":2,"featured_media":0,"parent":0,"menu_order":0,"comment_status":"closed","ping_status":"closed","template":"","meta":{"_et_pb_use_builder":"","_et_pb_old_content":"","_et_gb_content_width":"","footnotes":""},"dipi_cpt_category":[],"class_list":["post-344","page","type-page","status-publish","hentry"],"yoast_head":"<!-- This site is optimized with the Yoast SEO plugin v27.3 - https:\/\/yoast.com\/product\/yoast-seo-wordpress\/ -->\n<title>Impressum - AFTS<\/title>\n<meta name=\"robots\" content=\"index, follow, max-snippet:-1, max-image-preview:large, max-video-preview:-1\" \/>\n<link rel=\"canonical\" href=\"https:\/\/afts.biz\/de\/impressum\/\" \/>\n<meta property=\"og:locale\" content=\"de_DE\" \/>\n<meta property=\"og:type\" content=\"article\" \/>\n<meta property=\"og:title\" content=\"Impressum - AFTS\" \/>\n<meta property=\"og:description\" content=\"Impressum Informationen gem\u00e4\u00df \u00a7 5 TMG AFTS GmbH S\u00fcdliche M\u00fcnchner Stra\u00dfe 42A 82031 Gr\u00fcnwald, Deutschland Handelsregisternummer: AG Charlottenburg HRB 219880 B Vertreten durch: Andreas R. Hofmann Kontakt E-Mail: info@afts.biz Verbraucherstreitbeilegung\/Universalschlichtungsstelle Wir sind nicht bereit oder verpflichtet, an Streitbeilegungsverfahren vor einer Verbraucherschlichtungsstelle teilzunehmen. Haftung f\u00fcr Inhalte Als Diensteanbieter sind wir gem\u00e4\u00df \u00a7 7 Abs.1 TMG f\u00fcr [&hellip;]\" \/>\n<meta property=\"og:url\" content=\"https:\/\/afts.biz\/de\/impressum\/\" \/>\n<meta property=\"og:site_name\" content=\"AFTS\" \/>\n<meta name=\"twitter:card\" content=\"summary_large_image\" \/>\n<meta name=\"twitter:label1\" content=\"Gesch\u00e4tzte Lesezeit\" \/>\n\t<meta name=\"twitter:data1\" content=\"2\u00a0Minuten\" \/>\n<script type=\"application\/ld+json\" class=\"yoast-schema-graph\">{\"@context\":\"https:\\\/\\\/schema.org\",\"@graph\":[{\"@type\":\"WebPage\",\"@id\":\"https:\\\/\\\/afts.biz\\\/de\\\/impressum\\\/\",\"url\":\"https:\\\/\\\/afts.biz\\\/de\\\/impressum\\\/\",\"name\":\"Impressum - AFTS\",\"isPartOf\":{\"@id\":\"https:\\\/\\\/afts.biz\\\/#website\"},\"datePublished\":\"2026-01-31T19:59:12+00:00\",\"breadcrumb\":{\"@id\":\"https:\\\/\\\/afts.biz\\\/de\\\/impressum\\\/#breadcrumb\"},\"inLanguage\":\"de\",\"potentialAction\":[{\"@type\":\"ReadAction\",\"target\":[\"https:\\\/\\\/afts.biz\\\/de\\\/impressum\\\/\"]}]},{\"@type\":\"BreadcrumbList\",\"@id\":\"https:\\\/\\\/afts.biz\\\/de\\\/impressum\\\/#breadcrumb\",\"itemListElement\":[{\"@type\":\"ListItem\",\"position\":1,\"name\":\"Home\",\"item\":\"https:\\\/\\\/afts.biz\\\/\"},{\"@type\":\"ListItem\",\"position\":2,\"name\":\"Impressum\"}]},{\"@type\":\"WebSite\",\"@id\":\"https:\\\/\\\/afts.biz\\\/#website\",\"url\":\"https:\\\/\\\/afts.biz\\\/\",\"name\":\"AFTS\",\"description\":\"Trusted Digital Solutions for Military Mobility\",\"publisher\":{\"@id\":\"https:\\\/\\\/afts.biz\\\/#organization\"},\"potentialAction\":[{\"@type\":\"SearchAction\",\"target\":{\"@type\":\"EntryPoint\",\"urlTemplate\":\"https:\\\/\\\/afts.biz\\\/?s={search_term_string}\"},\"query-input\":{\"@type\":\"PropertyValueSpecification\",\"valueRequired\":true,\"valueName\":\"search_term_string\"}}],\"inLanguage\":\"de\"},{\"@type\":\"Organization\",\"@id\":\"https:\\\/\\\/afts.biz\\\/#organization\",\"name\":\"AFTS\",\"url\":\"https:\\\/\\\/afts.biz\\\/\",\"logo\":{\"@type\":\"ImageObject\",\"inLanguage\":\"de\",\"@id\":\"https:\\\/\\\/afts.biz\\\/#\\\/schema\\\/logo\\\/image\\\/\",\"url\":\"https:\\\/\\\/afts.biz\\\/wp-content\\\/uploads\\\/2026\\\/01\\\/AFTS-Logo-blue.png\",\"contentUrl\":\"https:\\\/\\\/afts.biz\\\/wp-content\\\/uploads\\\/2026\\\/01\\\/AFTS-Logo-blue.png\",\"width\":843,\"height\":312,\"caption\":\"AFTS\"},\"image\":{\"@id\":\"https:\\\/\\\/afts.biz\\\/#\\\/schema\\\/logo\\\/image\\\/\"}}]}<\/script>\n<!-- \/ Yoast SEO plugin. -->","yoast_head_json":{"title":"Impressum - AFTS","robots":{"index":"index","follow":"follow","max-snippet":"max-snippet:-1","max-image-preview":"max-image-preview:large","max-video-preview":"max-video-preview:-1"},"canonical":"https:\/\/afts.biz\/de\/impressum\/","og_locale":"de_DE","og_type":"article","og_title":"Impressum - AFTS","og_description":"Impressum Informationen gem\u00e4\u00df \u00a7 5 TMG AFTS GmbH S\u00fcdliche M\u00fcnchner Stra\u00dfe 42A 82031 Gr\u00fcnwald, Deutschland Handelsregisternummer: AG Charlottenburg HRB 219880 B Vertreten durch: Andreas R. Hofmann Kontakt E-Mail: info@afts.biz Verbraucherstreitbeilegung\/Universalschlichtungsstelle Wir sind nicht bereit oder verpflichtet, an Streitbeilegungsverfahren vor einer Verbraucherschlichtungsstelle teilzunehmen. Haftung f\u00fcr Inhalte Als Diensteanbieter sind wir gem\u00e4\u00df \u00a7 7 Abs.1 TMG f\u00fcr [&hellip;]","og_url":"https:\/\/afts.biz\/de\/impressum\/","og_site_name":"AFTS","twitter_card":"summary_large_image","twitter_misc":{"Gesch\u00e4tzte Lesezeit":"2\u00a0Minuten"},"schema":{"@context":"https:\/\/schema.org","@graph":[{"@type":"WebPage","@id":"https:\/\/afts.biz\/de\/impressum\/","url":"https:\/\/afts.biz\/de\/impressum\/","name":"Impressum - AFTS","isPartOf":{"@id":"https:\/\/afts.biz\/#website"},"datePublished":"2026-01-31T19:59:12+00:00","breadcrumb":{"@id":"https:\/\/afts.biz\/de\/impressum\/#breadcrumb"},"inLanguage":"de","potentialAction":[{"@type":"ReadAction","target":["https:\/\/afts.biz\/de\/impressum\/"]}]},{"@type":"BreadcrumbList","@id":"https:\/\/afts.biz\/de\/impressum\/#breadcrumb","itemListElement":[{"@type":"ListItem","position":1,"name":"Home","item":"https:\/\/afts.biz\/"},{"@type":"ListItem","position":2,"name":"Impressum"}]},{"@type":"WebSite","@id":"https:\/\/afts.biz\/#website","url":"https:\/\/afts.biz\/","name":"AFTS","description":"Trusted Digital Solutions for Military Mobility","publisher":{"@id":"https:\/\/afts.biz\/#organization"},"potentialAction":[{"@type":"SearchAction","target":{"@type":"EntryPoint","urlTemplate":"https:\/\/afts.biz\/?s={search_term_string}"},"query-input":{"@type":"PropertyValueSpecification","valueRequired":true,"valueName":"search_term_string"}}],"inLanguage":"de"},{"@type":"Organization","@id":"https:\/\/afts.biz\/#organization","name":"AFTS","url":"https:\/\/afts.biz\/","logo":{"@type":"ImageObject","inLanguage":"de","@id":"https:\/\/afts.biz\/#\/schema\/logo\/image\/","url":"https:\/\/afts.biz\/wp-content\/uploads\/2026\/01\/AFTS-Logo-blue.png","contentUrl":"https:\/\/afts.biz\/wp-content\/uploads\/2026\/01\/AFTS-Logo-blue.png","width":843,"height":312,"caption":"AFTS"},"image":{"@id":"https:\/\/afts.biz\/#\/schema\/logo\/image\/"}}]}},"_links":{"self":[{"href":"https:\/\/afts.biz\/de\/wp-json\/wp\/v2\/pages\/344","targetHints":{"allow":["GET"]}}],"collection":[{"href":"https:\/\/afts.biz\/de\/wp-json\/wp\/v2\/pages"}],"about":[{"href":"https:\/\/afts.biz\/de\/wp-json\/wp\/v2\/types\/page"}],"author":[{"embeddable":true,"href":"https:\/\/afts.biz\/de\/wp-json\/wp\/v2\/users\/2"}],"replies":[{"embeddable":true,"href":"https:\/\/afts.biz\/de\/wp-json\/wp\/v2\/comments?post=344"}],"version-history":[{"count":0,"href":"https:\/\/afts.biz\/de\/wp-json\/wp\/v2\/pages\/344\/revisions"}],"wp:attachment":[{"href":"https:\/\/afts.biz\/de\/wp-json\/wp\/v2\/media?parent=344"}],"wp:term":[{"taxonomy":"dipi_cpt_category","embeddable":true,"href":"https:\/\/afts.biz\/de\/wp-json\/wp\/v2\/dipi_cpt_category?post=344"}],"curies":[{"name":"wp","href":"https:\/\/api.w.org\/{rel}","templated":true}]}}