{"id":475,"date":"2026-01-31T19:59:12","date_gmt":"2026-01-31T19:59:12","guid":{"rendered":"https:\/\/afts.biz\/impressum\/"},"modified":"2026-01-31T19:59:12","modified_gmt":"2026-01-31T19:59:12","slug":"impressum","status":"publish","type":"page","link":"https:\/\/afts.biz\/nl\/impressum\/","title":{"rendered":"Impressum"},"content":{"rendered":"<header>\n<h1 class=\"\">Impressum<\/h1>\n<\/header>\n<p>Informatie volgens \u00a7 5 TMG<br \/>\nAFTS GmbH<br \/>\nS\u00fcdliche M\u00fcnchner Stra\u00dfe 42A<br \/>\n82031 Gr\u00fcnwald, Duitsland<\/p>\n<p>Handelsregisternummer: AG Charlottenburg HRB 219880 B<br \/>\nVertegenwoordigd door:<br \/>\nAndreas R. Hofmann<\/p>\n<p>Contact<br \/>\nE-mail:<a class=\"link-mail\" target=\"info@afts.biz\"> info@afts.biz<\/a><\/p>\n<p>Consumentengeschillenregeling \/ universele arbitragecommissie<br \/>\nWij zijn niet bereid of verplicht deel te nemen aan geschillenbeslechtingsprocedures voor een consumenten-arbitragecommissie.<\/p>\n<p>Aansprakelijkheid voor inhoud<br \/>\nAls dienstverlener zijn wij overeenkomstig de algemene wetgeving verantwoordelijk voor onze eigen inhoud op deze pagina\u2019s volgens \u00a7 7 lid 1 TMG. Volgens \u00a7\u00a7 8 tot en met 10 TMG zijn wij niet verplicht doorgegeven of opgeslagen informatie te controleren of omstandigheden te onderzoeken die wijzen op onwettige activiteiten. Verplichtingen tot het verwijderen of blokkeren van het gebruik van informatie op grond van de algemene wetgeving blijven onverminderd van kracht. Aansprakelijkheid hiervoor is echter pas mogelijk vanaf het moment waarop wij kennis krijgen van een concrete wetsinbreuk. Zodra wij kennis krijgen van dergelijke inbreuken, zullen wij de betreffende inhoud onmiddellijk verwijderen.     <\/p>\n<p><strong>Aansprakelijkheid voor links<\/strong><br \/>\nOns aanbod bevat links naar externe websites van derden, op de inhoud waarvan wij geen invloed hebben. Daarom kunnen wij geen aansprakelijkheid aanvaarden voor deze externe inhoud. De respectieve aanbieder of exploitant van de websites is steeds verantwoordelijk voor de inhoud van de gelinkte pagina\u2019s. De gelinkte pagina\u2019s werden op het moment van linken gecontroleerd op mogelijke wettelijke inbreuken. Illegale inhoud was op dat moment niet herkenbaar. Een permanente controle van de inhoud van de gelinkte pagina\u2019s is echter niet redelijk zonder concrete aanwijzingen van een wetsinbreuk. Zodra wij kennis krijgen van inbreuken, zullen wij dergelijke links onmiddellijk verwijderen.      <\/p>\n<p><strong>Auteursrecht<\/strong><br \/>\nDe inhoud en werken die door de sitebeheerders op deze pagina\u2019s werden gemaakt, vallen onder het Duitse auteursrecht. Vermenigvuldiging, bewerking, verspreiding of enige vorm van commercialisering van dergelijk materiaal buiten de grenzen van het auteursrecht vereist de voorafgaande schriftelijke toestemming van de respectieve auteur of maker. Downloads en kopie\u00ebn van deze site zijn enkel toegestaan voor priv\u00e9gebruik en niet-commerci\u00eble doeleinden. Voor zover de inhoud op deze site niet door de beheerder werd gemaakt, worden de auteursrechten van derden gerespecteerd. In het bijzonder wordt inhoud van derden als zodanig aangeduid. Mocht u toch een auteursrechtinbreuk vaststellen, gelieve ons daarvan op de hoogte te brengen. Zodra wij kennis krijgen van inbreuken, zullen wij dergelijke inhoud onmiddellijk verwijderen.      <\/p>\n<p>Bron: <a href=\"https:\/\/www.e-recht24.de\/\" target=\"_blank\" rel=\"noopener noreferrer\">www.e-recht24.de<\/a><\/p>\n","protected":false},"excerpt":{"rendered":"<p>Impressum Informatie volgens \u00a7 5 TMG AFTS GmbH S\u00fcdliche M\u00fcnchner Stra\u00dfe 42A 82031 Gr\u00fcnwald, Duitsland Handelsregisternummer: AG Charlottenburg HRB 219880 B Vertegenwoordigd door: Andreas R. Hofmann Contact E-mail: info@afts.biz Consumentengeschillenregeling \/ universele arbitragecommissie Wij zijn niet bereid of verplicht deel te nemen aan geschillenbeslechtingsprocedures voor een consumenten-arbitragecommissie. Aansprakelijkheid voor inhoud Als dienstverlener zijn wij overeenkomstig [&hellip;]<\/p>\n","protected":false},"author":2,"featured_media":0,"parent":0,"menu_order":0,"comment_status":"closed","ping_status":"closed","template":"","meta":{"_et_pb_use_builder":"","_et_pb_old_content":"","_et_gb_content_width":"","footnotes":""},"dipi_cpt_category":[],"class_list":["post-475","page","type-page","status-publish","hentry"],"yoast_head":"<!-- This site is optimized with the Yoast SEO plugin v27.3 - https:\/\/yoast.com\/product\/yoast-seo-wordpress\/ -->\n<title>Impressum - AFTS<\/title>\n<meta name=\"robots\" content=\"index, follow, max-snippet:-1, max-image-preview:large, max-video-preview:-1\" \/>\n<link rel=\"canonical\" href=\"https:\/\/afts.biz\/impressum\/\" \/>\n<meta property=\"og:locale\" content=\"nl_BE\" \/>\n<meta property=\"og:type\" content=\"article\" \/>\n<meta property=\"og:title\" content=\"Impressum - AFTS\" \/>\n<meta property=\"og:description\" content=\"Impressum Informatie volgens \u00a7 5 TMG AFTS GmbH S\u00fcdliche M\u00fcnchner Stra\u00dfe 42A 82031 Gr\u00fcnwald, Duitsland Handelsregisternummer: AG Charlottenburg HRB 219880 B Vertegenwoordigd door: Andreas R. Hofmann Contact E-mail: info@afts.biz Consumentengeschillenregeling \/ universele arbitragecommissie Wij zijn niet bereid of verplicht deel te nemen aan geschillenbeslechtingsprocedures voor een consumenten-arbitragecommissie. Aansprakelijkheid voor inhoud Als dienstverlener zijn wij overeenkomstig [&hellip;]\" \/>\n<meta property=\"og:url\" content=\"https:\/\/afts.biz\/impressum\/\" \/>\n<meta property=\"og:site_name\" content=\"AFTS\" \/>\n<meta name=\"twitter:card\" content=\"summary_large_image\" \/>\n<meta name=\"twitter:label1\" content=\"Geschatte leestijd\" \/>\n\t<meta name=\"twitter:data1\" content=\"2 minuten\" \/>\n<script type=\"application\/ld+json\" class=\"yoast-schema-graph\">{\"@context\":\"https:\\\/\\\/schema.org\",\"@graph\":[{\"@type\":\"WebPage\",\"@id\":\"https:\\\/\\\/afts.biz\\\/impressum\\\/\",\"url\":\"https:\\\/\\\/afts.biz\\\/impressum\\\/\",\"name\":\"Impressum - AFTS\",\"isPartOf\":{\"@id\":\"https:\\\/\\\/afts.biz\\\/#website\"},\"datePublished\":\"2026-01-31T19:59:12+00:00\",\"breadcrumb\":{\"@id\":\"https:\\\/\\\/afts.biz\\\/impressum\\\/#breadcrumb\"},\"inLanguage\":\"nl-BE\",\"potentialAction\":[{\"@type\":\"ReadAction\",\"target\":[\"https:\\\/\\\/afts.biz\\\/impressum\\\/\"]}]},{\"@type\":\"BreadcrumbList\",\"@id\":\"https:\\\/\\\/afts.biz\\\/impressum\\\/#breadcrumb\",\"itemListElement\":[{\"@type\":\"ListItem\",\"position\":1,\"name\":\"Home\",\"item\":\"https:\\\/\\\/afts.biz\\\/\"},{\"@type\":\"ListItem\",\"position\":2,\"name\":\"Impressum\"}]},{\"@type\":\"WebSite\",\"@id\":\"https:\\\/\\\/afts.biz\\\/#website\",\"url\":\"https:\\\/\\\/afts.biz\\\/\",\"name\":\"AFTS\",\"description\":\"Trusted Digital Solutions for Military Mobility\",\"publisher\":{\"@id\":\"https:\\\/\\\/afts.biz\\\/#organization\"},\"potentialAction\":[{\"@type\":\"SearchAction\",\"target\":{\"@type\":\"EntryPoint\",\"urlTemplate\":\"https:\\\/\\\/afts.biz\\\/?s={search_term_string}\"},\"query-input\":{\"@type\":\"PropertyValueSpecification\",\"valueRequired\":true,\"valueName\":\"search_term_string\"}}],\"inLanguage\":\"nl-BE\"},{\"@type\":\"Organization\",\"@id\":\"https:\\\/\\\/afts.biz\\\/#organization\",\"name\":\"AFTS\",\"url\":\"https:\\\/\\\/afts.biz\\\/\",\"logo\":{\"@type\":\"ImageObject\",\"inLanguage\":\"nl-BE\",\"@id\":\"https:\\\/\\\/afts.biz\\\/#\\\/schema\\\/logo\\\/image\\\/\",\"url\":\"https:\\\/\\\/afts.biz\\\/wp-content\\\/uploads\\\/2026\\\/01\\\/AFTS-Logo-blue.png\",\"contentUrl\":\"https:\\\/\\\/afts.biz\\\/wp-content\\\/uploads\\\/2026\\\/01\\\/AFTS-Logo-blue.png\",\"width\":843,\"height\":312,\"caption\":\"AFTS\"},\"image\":{\"@id\":\"https:\\\/\\\/afts.biz\\\/#\\\/schema\\\/logo\\\/image\\\/\"}}]}<\/script>\n<!-- \/ Yoast SEO plugin. -->","yoast_head_json":{"title":"Impressum - AFTS","robots":{"index":"index","follow":"follow","max-snippet":"max-snippet:-1","max-image-preview":"max-image-preview:large","max-video-preview":"max-video-preview:-1"},"canonical":"https:\/\/afts.biz\/impressum\/","og_locale":"nl_BE","og_type":"article","og_title":"Impressum - AFTS","og_description":"Impressum Informatie volgens \u00a7 5 TMG AFTS GmbH S\u00fcdliche M\u00fcnchner Stra\u00dfe 42A 82031 Gr\u00fcnwald, Duitsland Handelsregisternummer: AG Charlottenburg HRB 219880 B Vertegenwoordigd door: Andreas R. Hofmann Contact E-mail: info@afts.biz Consumentengeschillenregeling \/ universele arbitragecommissie Wij zijn niet bereid of verplicht deel te nemen aan geschillenbeslechtingsprocedures voor een consumenten-arbitragecommissie. Aansprakelijkheid voor inhoud Als dienstverlener zijn wij overeenkomstig [&hellip;]","og_url":"https:\/\/afts.biz\/impressum\/","og_site_name":"AFTS","twitter_card":"summary_large_image","twitter_misc":{"Geschatte leestijd":"2 minuten"},"schema":{"@context":"https:\/\/schema.org","@graph":[{"@type":"WebPage","@id":"https:\/\/afts.biz\/impressum\/","url":"https:\/\/afts.biz\/impressum\/","name":"Impressum - AFTS","isPartOf":{"@id":"https:\/\/afts.biz\/#website"},"datePublished":"2026-01-31T19:59:12+00:00","breadcrumb":{"@id":"https:\/\/afts.biz\/impressum\/#breadcrumb"},"inLanguage":"nl-BE","potentialAction":[{"@type":"ReadAction","target":["https:\/\/afts.biz\/impressum\/"]}]},{"@type":"BreadcrumbList","@id":"https:\/\/afts.biz\/impressum\/#breadcrumb","itemListElement":[{"@type":"ListItem","position":1,"name":"Home","item":"https:\/\/afts.biz\/"},{"@type":"ListItem","position":2,"name":"Impressum"}]},{"@type":"WebSite","@id":"https:\/\/afts.biz\/#website","url":"https:\/\/afts.biz\/","name":"AFTS","description":"Trusted Digital Solutions for Military Mobility","publisher":{"@id":"https:\/\/afts.biz\/#organization"},"potentialAction":[{"@type":"SearchAction","target":{"@type":"EntryPoint","urlTemplate":"https:\/\/afts.biz\/?s={search_term_string}"},"query-input":{"@type":"PropertyValueSpecification","valueRequired":true,"valueName":"search_term_string"}}],"inLanguage":"nl-BE"},{"@type":"Organization","@id":"https:\/\/afts.biz\/#organization","name":"AFTS","url":"https:\/\/afts.biz\/","logo":{"@type":"ImageObject","inLanguage":"nl-BE","@id":"https:\/\/afts.biz\/#\/schema\/logo\/image\/","url":"https:\/\/afts.biz\/wp-content\/uploads\/2026\/01\/AFTS-Logo-blue.png","contentUrl":"https:\/\/afts.biz\/wp-content\/uploads\/2026\/01\/AFTS-Logo-blue.png","width":843,"height":312,"caption":"AFTS"},"image":{"@id":"https:\/\/afts.biz\/#\/schema\/logo\/image\/"}}]}},"_links":{"self":[{"href":"https:\/\/afts.biz\/nl\/wp-json\/wp\/v2\/pages\/475","targetHints":{"allow":["GET"]}}],"collection":[{"href":"https:\/\/afts.biz\/nl\/wp-json\/wp\/v2\/pages"}],"about":[{"href":"https:\/\/afts.biz\/nl\/wp-json\/wp\/v2\/types\/page"}],"author":[{"embeddable":true,"href":"https:\/\/afts.biz\/nl\/wp-json\/wp\/v2\/users\/2"}],"replies":[{"embeddable":true,"href":"https:\/\/afts.biz\/nl\/wp-json\/wp\/v2\/comments?post=475"}],"version-history":[{"count":0,"href":"https:\/\/afts.biz\/nl\/wp-json\/wp\/v2\/pages\/475\/revisions"}],"wp:attachment":[{"href":"https:\/\/afts.biz\/nl\/wp-json\/wp\/v2\/media?parent=475"}],"wp:term":[{"taxonomy":"dipi_cpt_category","embeddable":true,"href":"https:\/\/afts.biz\/nl\/wp-json\/wp\/v2\/dipi_cpt_category?post=475"}],"curies":[{"name":"wp","href":"https:\/\/api.w.org\/{rel}","templated":true}]}}